{"id":41,"date":"2025-06-30T17:20:28","date_gmt":"2025-06-30T17:20:28","guid":{"rendered":"https:\/\/ddm.mx\/?page_id=41"},"modified":"2025-07-20T04:39:58","modified_gmt":"2025-07-20T04:39:58","slug":"elementor-41","status":"publish","type":"page","link":"https:\/\/ddm.mx\/","title":{"rendered":"Elementor #41"},"content":{"rendered":"\t\t<div data-elementor-type=\"wp-page\" data-elementor-id=\"41\" class=\"elementor elementor-41\">\n\t\t\t\t<div class=\"elementor-element elementor-element-4d7a742 e-flex e-con-boxed e-con e-parent\" data-id=\"4d7a742\" data-element_type=\"container\" data-settings=\"{&quot;background_background&quot;:&quot;classic&quot;}\">\n\t\t\t\t\t<div class=\"e-con-inner\">\n\t\t\t\t\t<\/div>\n\t\t\t\t<\/div>\n\t\t<div class=\"elementor-element elementor-element-510ea91 e-flex e-con-boxed e-con e-parent\" data-id=\"510ea91\" data-element_type=\"container\" data-settings=\"{&quot;background_background&quot;:&quot;classic&quot;}\">\n\t\t\t\t\t<div class=\"e-con-inner\">\n\t\t\t\t\t<\/div>\n\t\t\t\t<\/div>\n\t\t<div class=\"elementor-element elementor-element-0232e46 e-flex e-con-boxed e-con e-parent\" data-id=\"0232e46\" data-element_type=\"container\">\n\t\t\t\t\t<div class=\"e-con-inner\">\n\t\t\t\t<div class=\"elementor-element elementor-element-c301d7c elementor-widget elementor-widget-heading\" data-id=\"c301d7c\" data-element_type=\"widget\" data-widget_type=\"heading.default\">\n\t\t\t\t<div class=\"elementor-widget-container\">\n\t\t\t\t\t<h1 class=\"elementor-heading-title elementor-size-default\">Bienvenido a <br>Desarrolladora Du Mont<\/h1>\t\t\t\t<\/div>\n\t\t\t\t<\/div>\n\t\t\t\t\t<\/div>\n\t\t\t\t<\/div>\n\t\t<div class=\"elementor-element elementor-element-9be2e4c e-flex e-con-boxed e-con e-parent\" data-id=\"9be2e4c\" data-element_type=\"container\">\n\t\t\t\t\t<div class=\"e-con-inner\">\n\t\t\t\t<div class=\"elementor-element elementor-element-5d72e93 elementor-widget-divider--view-line elementor-widget elementor-widget-divider\" data-id=\"5d72e93\" data-element_type=\"widget\" data-widget_type=\"divider.default\">\n\t\t\t\t<div class=\"elementor-widget-container\">\n\t\t\t\t\t\t\t<div class=\"elementor-divider\">\n\t\t\t<span class=\"elementor-divider-separator\">\n\t\t\t\t\t\t<\/span>\n\t\t<\/div>\n\t\t\t\t\t\t<\/div>\n\t\t\t\t<\/div>\n\t\t\t\t\t<\/div>\n\t\t\t\t<\/div>\n\t\t<div class=\"elementor-element elementor-element-7b059f5 e-flex e-con-boxed e-con e-parent\" data-id=\"7b059f5\" data-element_type=\"container\">\n\t\t\t\t\t<div class=\"e-con-inner\">\n\t\t\t\t<div class=\"elementor-element elementor-element-a222b6d elementor-widget elementor-widget-heading\" data-id=\"a222b6d\" data-element_type=\"widget\" data-widget_type=\"heading.default\">\n\t\t\t\t<div class=\"elementor-widget-container\">\n\t\t\t\t\t<h2 class=\"elementor-heading-title elementor-size-default\"><i>Una marca, m\u00faltiples destinos<\/i><\/h2>\t\t\t\t<\/div>\n\t\t\t\t<\/div>\n\t\t\t\t\t<\/div>\n\t\t\t\t<\/div>\n\t\t<div class=\"elementor-element elementor-element-09c397b e-flex e-con-boxed e-con e-parent\" data-id=\"09c397b\" data-element_type=\"container\">\n\t\t\t\t\t<div class=\"e-con-inner\">\n\t\t\t\t<div class=\"elementor-element elementor-element-eba3b77 elementor-widget elementor-widget-spacer\" data-id=\"eba3b77\" data-element_type=\"widget\" data-widget_type=\"spacer.default\">\n\t\t\t\t<div class=\"elementor-widget-container\">\n\t\t\t\t\t\t\t<div class=\"elementor-spacer\">\n\t\t\t<div class=\"elementor-spacer-inner\"><\/div>\n\t\t<\/div>\n\t\t\t\t\t\t<\/div>\n\t\t\t\t<\/div>\n\t\t\t\t\t<\/div>\n\t\t\t\t<\/div>\n\t\t<div class=\"elementor-element elementor-element-7733208 e-flex e-con-boxed e-con e-parent\" data-id=\"7733208\" data-element_type=\"container\" data-settings=\"{&quot;background_background&quot;:&quot;classic&quot;}\">\n\t\t\t\t\t<div class=\"e-con-inner\">\n\t\t<div class=\"elementor-element elementor-element-45b12e1 e-con-full e-flex e-con e-child\" data-id=\"45b12e1\" data-element_type=\"container\">\n\t\t\t\t<div class=\"elementor-element elementor-element-601c07a elementor-widget elementor-widget-image\" data-id=\"601c07a\" data-element_type=\"widget\" data-widget_type=\"image.default\">\n\t\t\t\t<div class=\"elementor-widget-container\">\n\t\t\t\t\t\t\t\t\t\t\t\t\t\t\t<img fetchpriority=\"high\" decoding=\"async\" width=\"1024\" height=\"576\" src=\"https:\/\/ddm.mx\/wp-content\/uploads\/2025\/06\/Alberca-pp-1-1024x576.jpg\" class=\"attachment-large size-large wp-image-58\" alt=\"\" srcset=\"https:\/\/ddm.mx\/wp-content\/uploads\/2025\/06\/Alberca-pp-1-1024x576.jpg 1024w, https:\/\/ddm.mx\/wp-content\/uploads\/2025\/06\/Alberca-pp-1-300x169.jpg 300w, https:\/\/ddm.mx\/wp-content\/uploads\/2025\/06\/Alberca-pp-1-768x432.jpg 768w, https:\/\/ddm.mx\/wp-content\/uploads\/2025\/06\/Alberca-pp-1-1536x864.jpg 1536w, https:\/\/ddm.mx\/wp-content\/uploads\/2025\/06\/Alberca-pp-1-2048x1152.jpg 2048w\" sizes=\"(max-width: 1024px) 100vw, 1024px\" \/>\t\t\t\t\t\t\t\t\t\t\t\t\t\t\t<\/div>\n\t\t\t\t<\/div>\n\t\t\t\t<\/div>\n\t\t<div class=\"elementor-element elementor-element-390af41 e-con-full e-flex e-con e-child\" data-id=\"390af41\" data-element_type=\"container\">\n\t\t\t\t<div class=\"elementor-element elementor-element-ba210ef elementor-widget elementor-widget-heading\" data-id=\"ba210ef\" data-element_type=\"widget\" data-widget_type=\"heading.default\">\n\t\t\t\t<div class=\"elementor-widget-container\">\n\t\t\t\t\t<h2 class=\"elementor-heading-title elementor-size-default\">Cedrus El Marqu\u00e9s &amp; Club<\/h2>\t\t\t\t<\/div>\n\t\t\t\t<\/div>\n\t\t\t\t<div class=\"elementor-element elementor-element-4bfbc16 elementor-widget elementor-widget-text-editor\" data-id=\"4bfbc16\" data-element_type=\"widget\" data-widget_type=\"text-editor.default\">\n\t\t\t\t<div class=\"elementor-widget-container\">\n\t\t\t\t\t\t\t\t\t<p>Terrenos residenciales con <strong>m\u00e1s de 15 amenidades<\/strong> en una ubicaci\u00f3n estrat\u00e9gica de Quer\u00e9taro.<br data-start=\"286\" data-end=\"289\" \/>Invierte desde 112 m\u00b2 con<strong> cr\u00e9dito directo, sin bur\u00f3 y hasta 15 a\u00f1os para pagar.<\/strong><br data-start=\"368\" data-end=\"371\" \/>\u00a1Aprovecha descuentos por pago de contado y mensualidades desde $3,950!<\/p>\t\t\t\t\t\t\t\t<\/div>\n\t\t\t\t<\/div>\n\t\t\t\t<\/div>\n\t\t\t\t\t<\/div>\n\t\t\t\t<\/div>\n\t\t<div class=\"elementor-element elementor-element-78d8358 e-flex e-con-boxed e-con e-parent\" data-id=\"78d8358\" data-element_type=\"container\">\n\t\t\t\t\t<div class=\"e-con-inner\">\n\t\t<div class=\"elementor-element elementor-element-38d09a2 e-con-full e-flex e-con e-child\" data-id=\"38d09a2\" data-element_type=\"container\">\n\t\t\t\t<\/div>\n\t\t<div class=\"elementor-element elementor-element-d9f9a13 e-con-full e-flex e-con e-child\" data-id=\"d9f9a13\" data-element_type=\"container\">\n\t\t\t\t<div class=\"elementor-element elementor-element-ee02e4d elementor-align-right elementor-widget elementor-widget-button\" data-id=\"ee02e4d\" data-element_type=\"widget\" data-widget_type=\"button.default\">\n\t\t\t\t<div class=\"elementor-widget-container\">\n\t\t\t\t\t\t\t\t\t<div class=\"elementor-button-wrapper\">\n\t\t\t\t\t<a class=\"elementor-button elementor-button-link elementor-size-sm\" href=\"https:\/\/cedrus.mx\/\">\n\t\t\t\t\t\t<span class=\"elementor-button-content-wrapper\">\n\t\t\t\t\t\t\t\t\t<span class=\"elementor-button-text\">Descubre Cedrus aqu\u00ed<\/span>\n\t\t\t\t\t<\/span>\n\t\t\t\t\t<\/a>\n\t\t\t\t<\/div>\n\t\t\t\t\t\t\t\t<\/div>\n\t\t\t\t<\/div>\n\t\t\t\t<\/div>\n\t\t\t\t\t<\/div>\n\t\t\t\t<\/div>\n\t\t<div class=\"elementor-element elementor-element-3f6c09c e-flex e-con-boxed e-con e-parent\" data-id=\"3f6c09c\" data-element_type=\"container\" data-settings=\"{&quot;background_background&quot;:&quot;classic&quot;}\">\n\t\t\t\t\t<div class=\"e-con-inner\">\n\t\t<div class=\"elementor-element elementor-element-fa910e8 e-con-full e-flex e-con e-child\" data-id=\"fa910e8\" data-element_type=\"container\">\n\t\t\t\t<div class=\"elementor-element elementor-element-233c6dc elementor-widget elementor-widget-heading\" data-id=\"233c6dc\" data-element_type=\"widget\" data-widget_type=\"heading.default\">\n\t\t\t\t<div class=\"elementor-widget-container\">\n\t\t\t\t\t<h2 class=\"elementor-heading-title elementor-size-default\">Albero Residencial<\/h2>\t\t\t\t<\/div>\n\t\t\t\t<\/div>\n\t\t\t\t<div class=\"elementor-element elementor-element-337f9c5 elementor-widget elementor-widget-text-editor\" data-id=\"337f9c5\" data-element_type=\"widget\" data-widget_type=\"text-editor.default\">\n\t\t\t\t<div class=\"elementor-widget-container\">\n\t\t\t\t\t\t\t\t\t<p data-start=\"214\" data-end=\"273\">Terrenos con cr\u00e9dito directo en la mejor zona de El Marqu\u00e9s.&nbsp;<span style=\"font-style: inherit; font-weight: inherit;\">A solo 5 minutos de la autopista M\u00e9xico\u2013Quer\u00e9taro, <\/span><strong data-start=\"326\" data-end=\"348\" style=\"font-style: inherit;\">Albero Residencial<\/strong><span style=\"font-style: inherit; font-weight: inherit;\"> es un desarrollo exclusivo con terrenos desde 112 m\u00b2, <\/span><strong data-start=\"403\" data-end=\"423\" style=\"font-style: inherit;\">cr\u00e9dito sin bur\u00f3<\/strong><span style=\"font-style: inherit; font-weight: inherit;\">, mensualidades accesibles y <\/span><strong data-start=\"452\" data-end=\"484\" style=\"font-style: inherit;\">m\u00e1s de 3,100 m\u00b2 de Casa Club<\/strong><span style=\"font-style: inherit; font-weight: inherit;\">.<\/span><\/p>\n<p data-start=\"487\" data-end=\"685\">Disfruta de un entorno familiar con <strong data-start=\"523\" data-end=\"611\">alberca, gimnasio, canchas deportivas, asadores, fogateros, zona para mascotas y m\u00e1s<\/strong>.<br data-start=\"612\" data-end=\"615\">Invierte hoy en un patrimonio con gran plusval\u00eda y facilidades reales.<\/p>\t\t\t\t\t\t\t\t<\/div>\n\t\t\t\t<\/div>\n\t\t\t\t<\/div>\n\t\t<div class=\"elementor-element elementor-element-4c2a931 e-con-full e-flex e-con e-child\" data-id=\"4c2a931\" data-element_type=\"container\">\n\t\t\t\t<div class=\"elementor-element elementor-element-a199aee elementor-widget elementor-widget-image\" data-id=\"a199aee\" data-element_type=\"widget\" data-widget_type=\"image.default\">\n\t\t\t\t<div class=\"elementor-widget-container\">\n\t\t\t\t\t\t\t\t\t\t\t\t\t\t\t<img decoding=\"async\" width=\"1024\" height=\"576\" src=\"https:\/\/ddm.mx\/wp-content\/uploads\/2025\/07\/Casa-club-v2-18052025-1024x576.jpg\" class=\"attachment-large size-large wp-image-128\" alt=\"\" srcset=\"https:\/\/ddm.mx\/wp-content\/uploads\/2025\/07\/Casa-club-v2-18052025-1024x576.jpg 1024w, https:\/\/ddm.mx\/wp-content\/uploads\/2025\/07\/Casa-club-v2-18052025-300x169.jpg 300w, https:\/\/ddm.mx\/wp-content\/uploads\/2025\/07\/Casa-club-v2-18052025-768x432.jpg 768w, https:\/\/ddm.mx\/wp-content\/uploads\/2025\/07\/Casa-club-v2-18052025-1536x864.jpg 1536w, https:\/\/ddm.mx\/wp-content\/uploads\/2025\/07\/Casa-club-v2-18052025-2048x1152.jpg 2048w\" sizes=\"(max-width: 1024px) 100vw, 1024px\" \/>\t\t\t\t\t\t\t\t\t\t\t\t\t\t\t<\/div>\n\t\t\t\t<\/div>\n\t\t\t\t<\/div>\n\t\t\t\t\t<\/div>\n\t\t\t\t<\/div>\n\t\t<div class=\"elementor-element elementor-element-4448a84 e-flex e-con-boxed e-con e-parent\" data-id=\"4448a84\" data-element_type=\"container\">\n\t\t\t\t\t<div class=\"e-con-inner\">\n\t\t<div class=\"elementor-element elementor-element-9961286 e-con-full e-flex e-con e-child\" data-id=\"9961286\" data-element_type=\"container\">\n\t\t\t\t<div class=\"elementor-element elementor-element-a5c01a7 elementor-widget elementor-widget-button\" data-id=\"a5c01a7\" data-element_type=\"widget\" data-widget_type=\"button.default\">\n\t\t\t\t<div class=\"elementor-widget-container\">\n\t\t\t\t\t\t\t\t\t<div class=\"elementor-button-wrapper\">\n\t\t\t\t\t<a class=\"elementor-button elementor-button-link elementor-size-sm\" href=\"#\">\n\t\t\t\t\t\t<span class=\"elementor-button-content-wrapper\">\n\t\t\t\t\t\t\t\t\t<span class=\"elementor-button-text\">Hazlo realidad con Albero<\/span>\n\t\t\t\t\t<\/span>\n\t\t\t\t\t<\/a>\n\t\t\t\t<\/div>\n\t\t\t\t\t\t\t\t<\/div>\n\t\t\t\t<\/div>\n\t\t\t\t<\/div>\n\t\t<div class=\"elementor-element elementor-element-3967cbc e-con-full e-flex e-con e-child\" data-id=\"3967cbc\" data-element_type=\"container\">\n\t\t\t\t<\/div>\n\t\t\t\t\t<\/div>\n\t\t\t\t<\/div>\n\t\t\t\t<\/div>\n\t\t","protected":false},"excerpt":{"rendered":"<p>Bienvenido a Desarrolladora Du Mont Una marca, m\u00faltiples destinos Cedrus El Marqu\u00e9s &amp; Club Terrenos residenciales con m\u00e1s de 15 [&hellip;]<\/p>\n","protected":false},"author":1,"featured_media":0,"parent":0,"menu_order":0,"comment_status":"closed","ping_status":"closed","template":"","meta":{"site-sidebar-layout":"no-sidebar","site-content-layout":"","ast-site-content-layout":"full-width-container","site-content-style":"default","site-sidebar-style":"default","ast-global-header-display":"","ast-banner-title-visibility":"","ast-main-header-display":"","ast-hfb-above-header-display":"","ast-hfb-below-header-display":"","ast-hfb-mobile-header-display":"","site-post-title":"disabled","ast-breadcrumbs-content":"","ast-featured-img":"disabled","footer-sml-layout":"","theme-transparent-header-meta":"","adv-header-id-meta":"","stick-header-meta":"","header-above-stick-meta":"","header-main-stick-meta":"","header-below-stick-meta":"","astra-migrate-meta-layouts":"default","ast-page-background-enabled":"default","ast-page-background-meta":{"desktop":{"background-color":"var(--ast-global-color-5)","background-image":"","background-repeat":"repeat","background-position":"center center","background-size":"auto","background-attachment":"scroll","background-type":"","background-media":"","overlay-type":"","overlay-color":"","overlay-opacity":"","overlay-gradient":""},"tablet":{"background-color":"","background-image":"","background-repeat":"repeat","background-position":"center center","background-size":"auto","background-attachment":"scroll","background-type":"","background-media":"","overlay-type":"","overlay-color":"","overlay-opacity":"","overlay-gradient":""},"mobile":{"background-color":"","background-image":"","background-repeat":"repeat","background-position":"center center","background-size":"auto","background-attachment":"scroll","background-type":"","background-media":"","overlay-type":"","overlay-color":"","overlay-opacity":"","overlay-gradient":""}},"ast-content-background-meta":{"desktop":{"background-color":"var(--ast-global-color-4)","background-image":"","background-repeat":"repeat","background-position":"center center","background-size":"auto","background-attachment":"scroll","background-type":"","background-media":"","overlay-type":"","overlay-color":"","overlay-opacity":"","overlay-gradient":""},"tablet":{"background-color":"var(--ast-global-color-4)","background-image":"","background-repeat":"repeat","background-position":"center center","background-size":"auto","background-attachment":"scroll","background-type":"","background-media":"","overlay-type":"","overlay-color":"","overlay-opacity":"","overlay-gradient":""},"mobile":{"background-color":"var(--ast-global-color-4)","background-image":"","background-repeat":"repeat","background-position":"center center","background-size":"auto","background-attachment":"scroll","background-type":"","background-media":"","overlay-type":"","overlay-color":"","overlay-opacity":"","overlay-gradient":""}},"footnotes":""},"class_list":["post-41","page","type-page","status-publish","hentry"],"_links":{"self":[{"href":"https:\/\/ddm.mx\/index.php?rest_route=\/wp\/v2\/pages\/41","targetHints":{"allow":["GET"]}}],"collection":[{"href":"https:\/\/ddm.mx\/index.php?rest_route=\/wp\/v2\/pages"}],"about":[{"href":"https:\/\/ddm.mx\/index.php?rest_route=\/wp\/v2\/types\/page"}],"author":[{"embeddable":true,"href":"https:\/\/ddm.mx\/index.php?rest_route=\/wp\/v2\/users\/1"}],"replies":[{"embeddable":true,"href":"https:\/\/ddm.mx\/index.php?rest_route=%2Fwp%2Fv2%2Fcomments&post=41"}],"version-history":[{"count":83,"href":"https:\/\/ddm.mx\/index.php?rest_route=\/wp\/v2\/pages\/41\/revisions"}],"predecessor-version":[{"id":140,"href":"https:\/\/ddm.mx\/index.php?rest_route=\/wp\/v2\/pages\/41\/revisions\/140"}],"wp:attachment":[{"href":"https:\/\/ddm.mx\/index.php?rest_route=%2Fwp%2Fv2%2Fmedia&parent=41"}],"curies":[{"name":"wp","href":"https:\/\/api.w.org\/{rel}","templated":true}]}}